{"id":2,"date":"2021-02-03T09:03:33","date_gmt":"2021-02-03T09:03:33","guid":{"rendered":"http:\/\/www.wachauer-hochzeit.at\/?page_id=2"},"modified":"2022-11-03T15:40:27","modified_gmt":"2022-11-03T15:40:27","slug":"home","status":"publish","type":"page","link":"https:\/\/www.wachauer-hochzeit.at\/","title":{"rendered":"Home"},"content":{"rendered":"<div id=\"cs-content\" class=\"cs-content\"><\/div>\n","protected":false},"excerpt":{"rendered":"<p>Mission Statement Individuell Heiraten in der Wachau, an den sch\u00f6nsten Pl\u00e4tzen und besonderen Orten, mitten in der Natur oder mitten in D\u00fcrnstein, am Berg, am Ufer oder auf der Zille oder Yacht auf der Donau. Pers\u00f6nliche, individuelle Zeremonie im Weltkulturerbe.Wer wir sindSonja Maria Thyri, diplomierte Rednerin f\u00fcr freie Zeremonien und gepr\u00fcfte Hochzeitsplanerin. Ich gestalte eure Freie Trauung, die eure pers\u00f6nliche &#8230; <\/p>\n<div><a href=\"https:\/\/www.wachauer-hochzeit.at\/\" class=\"more-link\">Read More<\/a><\/div>\n","protected":false},"author":1,"featured_media":0,"parent":0,"menu_order":0,"comment_status":"closed","ping_status":"open","template":"template-blank-4.php","meta":{"footnotes":""},"class_list":["post-2","page","type-page","status-publish","hentry","no-post-thumbnail"],"yoast_head":"<!-- This site is optimized with the Yoast SEO plugin v20.7 - https:\/\/yoast.com\/wordpress\/plugins\/seo\/ -->\n<title>Home - Wachauer Hochzeit<\/title>\n<meta name=\"robots\" content=\"index, follow, max-snippet:-1, max-image-preview:large, max-video-preview:-1\" \/>\n<link rel=\"canonical\" href=\"https:\/\/www.wachauer-hochzeit.at\/\" \/>\n<meta property=\"og:locale\" content=\"de_DE\" \/>\n<meta property=\"og:type\" content=\"article\" \/>\n<meta property=\"og:title\" content=\"Home - Wachauer Hochzeit\" \/>\n<meta property=\"og:description\" content=\"Mission Statement Individuell Heiraten in der Wachau, an den sch\u00f6nsten Pl\u00e4tzen und besonderen Orten, mitten in der Natur oder mitten in D\u00fcrnstein, am Berg, am Ufer oder auf der Zille oder Yacht auf der Donau. Pers\u00f6nliche, individuelle Zeremonie im Weltkulturerbe.Wer wir sindSonja Maria Thyri, diplomierte Rednerin f\u00fcr freie Zeremonien und gepr\u00fcfte Hochzeitsplanerin. Ich gestalte eure Freie Trauung, die eure pers\u00f6nliche ... Read More\" \/>\n<meta property=\"og:url\" content=\"https:\/\/www.wachauer-hochzeit.at\/\" \/>\n<meta property=\"og:site_name\" content=\"Wachauer Hochzeit\" \/>\n<meta property=\"article:modified_time\" content=\"2022-11-03T15:40:27+00:00\" \/>\n<meta name=\"twitter:card\" content=\"summary_large_image\" \/>\n<meta name=\"twitter:label1\" content=\"Gesch\u00e4tzte Lesezeit\" \/>\n\t<meta name=\"twitter:data1\" content=\"6\u00a0Minuten\" \/>\n<script type=\"application\/ld+json\" class=\"yoast-schema-graph\">{\"@context\":\"https:\/\/schema.org\",\"@graph\":[{\"@type\":\"WebPage\",\"@id\":\"https:\/\/www.wachauer-hochzeit.at\/\",\"url\":\"https:\/\/www.wachauer-hochzeit.at\/\",\"name\":\"Home - Wachauer Hochzeit\",\"isPartOf\":{\"@id\":\"https:\/\/www.wachauer-hochzeit.at\/#website\"},\"datePublished\":\"2021-02-03T09:03:33+00:00\",\"dateModified\":\"2022-11-03T15:40:27+00:00\",\"breadcrumb\":{\"@id\":\"https:\/\/www.wachauer-hochzeit.at\/#breadcrumb\"},\"inLanguage\":\"de\",\"potentialAction\":[{\"@type\":\"ReadAction\",\"target\":[\"https:\/\/www.wachauer-hochzeit.at\/\"]}]},{\"@type\":\"BreadcrumbList\",\"@id\":\"https:\/\/www.wachauer-hochzeit.at\/#breadcrumb\",\"itemListElement\":[{\"@type\":\"ListItem\",\"position\":1,\"name\":\"Startseite\",\"item\":\"https:\/\/www.wachauer-hochzeit.at\/\"},{\"@type\":\"ListItem\",\"position\":2,\"name\":\"Home\"}]},{\"@type\":\"WebSite\",\"@id\":\"https:\/\/www.wachauer-hochzeit.at\/#website\",\"url\":\"https:\/\/www.wachauer-hochzeit.at\/\",\"name\":\"Wachauer Hochzeit\",\"description\":\"Erlebens Sie ein perfektes Fest in wundersch&ouml;nem Rahmen\",\"potentialAction\":[{\"@type\":\"SearchAction\",\"target\":{\"@type\":\"EntryPoint\",\"urlTemplate\":\"https:\/\/www.wachauer-hochzeit.at\/?s={search_term_string}\"},\"query-input\":\"required name=search_term_string\"}],\"inLanguage\":\"de\"}]}<\/script>\n<!-- \/ Yoast SEO plugin. -->","yoast_head_json":{"title":"Home - Wachauer Hochzeit","robots":{"index":"index","follow":"follow","max-snippet":"max-snippet:-1","max-image-preview":"max-image-preview:large","max-video-preview":"max-video-preview:-1"},"canonical":"https:\/\/www.wachauer-hochzeit.at\/","og_locale":"de_DE","og_type":"article","og_title":"Home - Wachauer Hochzeit","og_description":"Mission Statement Individuell Heiraten in der Wachau, an den sch\u00f6nsten Pl\u00e4tzen und besonderen Orten, mitten in der Natur oder mitten in D\u00fcrnstein, am Berg, am Ufer oder auf der Zille oder Yacht auf der Donau. Pers\u00f6nliche, individuelle Zeremonie im Weltkulturerbe.Wer wir sindSonja Maria Thyri, diplomierte Rednerin f\u00fcr freie Zeremonien und gepr\u00fcfte Hochzeitsplanerin. Ich gestalte eure Freie Trauung, die eure pers\u00f6nliche ... Read More","og_url":"https:\/\/www.wachauer-hochzeit.at\/","og_site_name":"Wachauer Hochzeit","article_modified_time":"2022-11-03T15:40:27+00:00","twitter_card":"summary_large_image","twitter_misc":{"Gesch\u00e4tzte Lesezeit":"6\u00a0Minuten"},"schema":{"@context":"https:\/\/schema.org","@graph":[{"@type":"WebPage","@id":"https:\/\/www.wachauer-hochzeit.at\/","url":"https:\/\/www.wachauer-hochzeit.at\/","name":"Home - Wachauer Hochzeit","isPartOf":{"@id":"https:\/\/www.wachauer-hochzeit.at\/#website"},"datePublished":"2021-02-03T09:03:33+00:00","dateModified":"2022-11-03T15:40:27+00:00","breadcrumb":{"@id":"https:\/\/www.wachauer-hochzeit.at\/#breadcrumb"},"inLanguage":"de","potentialAction":[{"@type":"ReadAction","target":["https:\/\/www.wachauer-hochzeit.at\/"]}]},{"@type":"BreadcrumbList","@id":"https:\/\/www.wachauer-hochzeit.at\/#breadcrumb","itemListElement":[{"@type":"ListItem","position":1,"name":"Startseite","item":"https:\/\/www.wachauer-hochzeit.at\/"},{"@type":"ListItem","position":2,"name":"Home"}]},{"@type":"WebSite","@id":"https:\/\/www.wachauer-hochzeit.at\/#website","url":"https:\/\/www.wachauer-hochzeit.at\/","name":"Wachauer Hochzeit","description":"Erlebens Sie ein perfektes Fest in wundersch&ouml;nem Rahmen","potentialAction":[{"@type":"SearchAction","target":{"@type":"EntryPoint","urlTemplate":"https:\/\/www.wachauer-hochzeit.at\/?s={search_term_string}"},"query-input":"required name=search_term_string"}],"inLanguage":"de"}]}},"_links":{"self":[{"href":"https:\/\/www.wachauer-hochzeit.at\/index.php?rest_route=\/wp\/v2\/pages\/2","targetHints":{"allow":["GET"]}}],"collection":[{"href":"https:\/\/www.wachauer-hochzeit.at\/index.php?rest_route=\/wp\/v2\/pages"}],"about":[{"href":"https:\/\/www.wachauer-hochzeit.at\/index.php?rest_route=\/wp\/v2\/types\/page"}],"author":[{"embeddable":true,"href":"https:\/\/www.wachauer-hochzeit.at\/index.php?rest_route=\/wp\/v2\/users\/1"}],"replies":[{"embeddable":true,"href":"https:\/\/www.wachauer-hochzeit.at\/index.php?rest_route=%2Fwp%2Fv2%2Fcomments&post=2"}],"version-history":[{"count":4,"href":"https:\/\/www.wachauer-hochzeit.at\/index.php?rest_route=\/wp\/v2\/pages\/2\/revisions"}],"predecessor-version":[{"id":111,"href":"https:\/\/www.wachauer-hochzeit.at\/index.php?rest_route=\/wp\/v2\/pages\/2\/revisions\/111"}],"wp:attachment":[{"href":"https:\/\/www.wachauer-hochzeit.at\/index.php?rest_route=%2Fwp%2Fv2%2Fmedia&parent=2"}],"curies":[{"name":"wp","href":"https:\/\/api.w.org\/{rel}","templated":true}]}}